{"id":619,"date":"2019-05-02T09:08:33","date_gmt":"2019-05-02T07:08:33","guid":{"rendered":"https:\/\/www.silicotex.com\/?page_id=619"},"modified":"2019-07-31T14:35:13","modified_gmt":"2019-07-31T12:35:13","slug":"our-story","status":"publish","type":"page","link":"https:\/\/www.massebeuf-textiles.com\/de\/our-story\/","title":{"rendered":"Our story"},"content":{"rendered":"<div data-elementor-type=\"wp-post\" data-elementor-id=\"619\" class=\"elementor elementor-619\" data-elementor-settings=\"[]\">\n\t\t\t\t\t\t<div class=\"elementor-inner\">\n\t\t\t\t\t\t\t<div class=\"elementor-section-wrap\">\n\t\t\t\t\t\t\t<section class=\"elementor-section elementor-top-section elementor-element elementor-element-a14e9d1 elementor-section-boxed elementor-section-height-default elementor-section-height-default\" data-id=\"a14e9d1\" data-element_type=\"section\">\n\t\t\t\t\t\t<div class=\"elementor-container elementor-column-gap-default\">\n\t\t\t\t\t\t\t<div class=\"elementor-row\">\n\t\t\t\t\t<div class=\"elementor-column elementor-col-50 elementor-top-column elementor-element elementor-element-ca5a645\" data-id=\"ca5a645\" data-element_type=\"column\">\n\t\t\t<div class=\"elementor-column-wrap elementor-element-populated\">\n\t\t\t\t\t\t\t<div class=\"elementor-widget-wrap\">\n\t\t\t\t\t\t<div class=\"elementor-element elementor-element-660fe56 elementor-widget elementor-widget-image\" data-id=\"660fe56\" data-element_type=\"widget\" data-widget_type=\"image.default\">\n\t\t\t\t<div class=\"elementor-widget-container\">\n\t\t\t\t\t\t\t\t<div class=\"elementor-image\">\n\t\t\t\t\t\t\t\t\t\t\t\t<img src=\"https:\/\/www.massebeuf-textiles.com\/Wp19Mtx07\/wp-content\/uploads\/elementor\/thumbs\/machines_usine_massebeuf_textile-oz684uyjlb3lmih2kjx8rgaf9p2kzph7dvfzzba3rc.jpg\" title=\"Machines usine Massebeuf Textiles\" alt=\"Machines usine Massebeuf Textiles\" \/>\t\t\t\t\t\t\t\t\t\t\t\t\t\t<\/div>\n\t\t\t\t\t\t<\/div>\n\t\t\t\t<\/div>\n\t\t\t\t<div class=\"elementor-element elementor-element-5dbbef5 elementor-widget elementor-widget-spacer\" data-id=\"5dbbef5\" data-element_type=\"widget\" data-widget_type=\"spacer.default\">\n\t\t\t\t<div class=\"elementor-widget-container\">\n\t\t\t\t\t<div class=\"elementor-spacer\">\n\t\t\t<div class=\"elementor-spacer-inner\"><\/div>\n\t\t<\/div>\n\t\t\t\t<\/div>\n\t\t\t\t<\/div>\n\t\t\t\t<div class=\"elementor-element elementor-element-ee4bc54 elementor-widget elementor-widget-image\" data-id=\"ee4bc54\" data-element_type=\"widget\" data-widget_type=\"image.default\">\n\t\t\t\t<div class=\"elementor-widget-container\">\n\t\t\t\t\t\t\t\t<div class=\"elementor-image\">\n\t\t\t\t\t\t\t\t\t<figure class=\"wp-caption\">\n\t\t\t\t\t\t\t\t\t\t<img width=\"252\" height=\"252\" src=\"https:\/\/www.massebeuf-textiles.com\/Wp19Mtx07\/wp-content\/uploads\/2019\/07\/patrick_massebeuf_photo.jpg\" class=\"attachment-large size-large\" alt=\"Patrick Massebeuf, pr\u00e9sident de Massebeuf Textiles\" loading=\"lazy\" srcset=\"https:\/\/www.massebeuf-textiles.com\/Wp19Mtx07\/wp-content\/uploads\/2019\/07\/patrick_massebeuf_photo.jpg 252w, https:\/\/www.massebeuf-textiles.com\/Wp19Mtx07\/wp-content\/uploads\/2019\/07\/patrick_massebeuf_photo-150x150.jpg 150w\" sizes=\"(max-width: 252px) 100vw, 252px\" \/>\t\t\t\t\t\t\t\t\t\t\t<figcaption class=\"widget-image-caption wp-caption-text\"><\/figcaption>\n\t\t\t\t\t\t\t\t\t\t<\/figure>\n\t\t\t\t\t\t\t\t<\/div>\n\t\t\t\t\t\t<\/div>\n\t\t\t\t<\/div>\n\t\t\t\t<div class=\"elementor-element elementor-element-7d5e472 elementor-widget elementor-widget-text-editor\" data-id=\"7d5e472\" data-element_type=\"widget\" data-widget_type=\"text-editor.default\">\n\t\t\t\t<div class=\"elementor-widget-container\">\n\t\t\t\t\t\t\t\t<div class=\"elementor-text-editor elementor-clearfix\">\n\t\t\t\t\t<p style=\"text-align: right;\">Patrick Massebeuf<\/p>\t\t\t\t\t<\/div>\n\t\t\t\t\t\t<\/div>\n\t\t\t\t<\/div>\n\t\t\t\t\t\t<\/div>\n\t\t\t\t\t<\/div>\n\t\t<\/div>\n\t\t\t\t<div class=\"elementor-column elementor-col-50 elementor-top-column elementor-element elementor-element-15b962c\" data-id=\"15b962c\" data-element_type=\"column\">\n\t\t\t<div class=\"elementor-column-wrap elementor-element-populated\">\n\t\t\t\t\t\t\t<div class=\"elementor-widget-wrap\">\n\t\t\t\t\t\t<div class=\"elementor-element elementor-element-34172cb elementor-widget elementor-widget-heading\" data-id=\"34172cb\" data-element_type=\"widget\" data-widget_type=\"heading.default\">\n\t\t\t\t<div class=\"elementor-widget-container\">\n\t\t\t<h2 class=\"elementor-heading-title elementor-size-xl\">Garne und das seit \u00fcber 80 Jahren<\/h2>\t\t<\/div>\n\t\t\t\t<\/div>\n\t\t\t\t<div class=\"elementor-element elementor-element-54eb036 elementor-widget elementor-widget-text-editor\" data-id=\"54eb036\" data-element_type=\"widget\" data-widget_type=\"text-editor.default\">\n\t\t\t\t<div class=\"elementor-widget-container\">\n\t\t\t\t\t\t\t\t<div class=\"elementor-text-editor elementor-clearfix\">\n\t\t\t\t\t<p>1932 gr\u00fcndete Emile Massebeuf in Neyrac-les-Bains (Ard\u00e8che) die Firma \u00ab Les Moulinages Massebeuf \u00bb. Urspr\u00fcnglich war das Unternehmen nur in der Herstellung von Seidengarnen t\u00e4tig. Innerhalb von 50 Jahren dehnte sich das Angebot jedoch sehr schnell auf eine breite Produktpalette von Garnen aus (Gimpen, herk\u00f6mmlich texturierte, umsponnene und reibe-umsponnene Garne). \n\n1999 und nach Ausbau der Gesch\u00e4ftst\u00e4tigkeit im Bereich der texturierten Garne wurde das Unternehmen  in die Fa. Massebeuf Textiles umgewandelt, um zus\u00e4tzlich zum Zuliefergesch\u00e4ft eine eigene Verkaufs-, Forschungs- und Entwicklungsabteilung aufzubauen.<\/p><p>Der derzeitige Gesch\u00e4ftsf\u00fchrer der Fa. Massebeuf Textiles und Enkel des Firmengr\u00fcnders, Patrick Massebeuf, machte den Begriff  \u201eInnovation\u201c zum Leitfaden aller Gesch\u00e4ftst\u00e4tigkeiten, was mit  den Zertifizierungen (ISO 9001 und Oekotex) und neuen Patenten, wie f\u00fcr schnittfesten, silikon- und retroreflektierenden Garne, eine auf dem Markt renommierte Anerkennungen erbrachte: Auszeichnung Avantex TechTextil und Innovationspreis f\u00fcr Silicotex\u00ae. In nur wenigen Jahren hat Massebeuf Textiles im Bereich der Engineering und der Herstellung von technischen und funktionellen Garnen eine Schl\u00fcsselfunktion eingenommen.<\/p>\t\t\t\t\t<\/div>\n\t\t\t\t\t\t<\/div>\n\t\t\t\t<\/div>\n\t\t\t\t\t\t<\/div>\n\t\t\t\t\t<\/div>\n\t\t<\/div>\n\t\t\t\t\t\t\t\t<\/div>\n\t\t\t\t\t<\/div>\n\t\t<\/section>\n\t\t\t\t\t\t<\/div>\n\t\t\t\t\t\t<\/div>\n\t\t\t\t\t<\/div>","protected":false},"excerpt":{"rendered":"<p>Patrick Massebeuf 80 years of yarn manufacturing Moulinages Massebeuf were created in 1932 by Emile Massebeuf in Neyrac-les-Bains (Arde\u0300che). Building their business on silk yarns, they quickly started diversification to offer, over 50 years, a large range of yarns (conventional then pin textured yarns, covered elastic yarns, friction textured yarns). Expanding their covered elastic yarns [&hellip;]<\/p>","protected":false},"author":1,"featured_media":0,"parent":0,"menu_order":0,"comment_status":"closed","ping_status":"closed","template":"","meta":{"_monsterinsights_skip_tracking":false,"_monsterinsights_sitenote_active":false,"_monsterinsights_sitenote_note":"","_monsterinsights_sitenote_category":0},"yoast_head":"<!-- This site is optimized with the Yoast SEO plugin v15.8 - https:\/\/yoast.com\/wordpress\/plugins\/seo\/ -->\n<title>Our story &bull; Massebeuf Textiles<\/title>\n<meta name=\"robots\" content=\"index, follow, max-snippet:-1, max-image-preview:large, max-video-preview:-1\" \/>\n<link rel=\"canonical\" href=\"https:\/\/www.massebeuf-textiles.com\/de\/our-story\/\" \/>\n<meta property=\"og:locale\" content=\"de_DE\" \/>\n<meta property=\"og:type\" content=\"article\" \/>\n<meta property=\"og:title\" content=\"Our story &bull; Massebeuf Textiles\" \/>\n<meta property=\"og:description\" content=\"Patrick Massebeuf 80 years of yarn manufacturing Moulinages Massebeuf were created in 1932 by Emile Massebeuf in Neyrac-les-Bains (Arde\u0300che). Building their business on silk yarns, they quickly started diversification to offer, over 50 years, a large range of yarns (conventional then pin textured yarns, covered elastic yarns, friction textured yarns). Expanding their covered elastic yarns [&hellip;]\" \/>\n<meta property=\"og:url\" content=\"https:\/\/www.massebeuf-textiles.com\/de\/our-story\/\" \/>\n<meta property=\"og:site_name\" content=\"Massebeuf Textiles\" \/>\n<meta property=\"article:modified_time\" content=\"2019-07-31T12:35:13+00:00\" \/>\n<meta property=\"og:image\" content=\"https:\/\/www.massebeuf-textiles.com\/Wp19Mtx07\/wp-content\/uploads\/elementor\/thumbs\/machines_usine_massebeuf_textile-o6u45kczma485967nf5hdipn6erruhu9w41403peh4.jpg\" \/>\n<meta name=\"twitter:card\" content=\"summary_large_image\" \/>\n<meta name=\"twitter:label1\" content=\"Gesch\u00e4tzte Lesezeit\">\n\t<meta name=\"twitter:data1\" content=\"1\u00a0Minute\">\n<script type=\"application\/ld+json\" class=\"yoast-schema-graph\">{\"@context\":\"https:\/\/schema.org\",\"@graph\":[{\"@type\":\"Organization\",\"@id\":\"https:\/\/www.massebeuf-textiles.com\/#organization\",\"name\":\"Massebeuf Textiles\",\"url\":\"https:\/\/www.massebeuf-textiles.com\/\",\"sameAs\":[],\"logo\":{\"@type\":\"ImageObject\",\"@id\":\"https:\/\/www.massebeuf-textiles.com\/#logo\",\"inLanguage\":\"de\",\"url\":\"https:\/\/www.massebeuf-textiles.com\/Wp19Mtx07\/wp-content\/uploads\/2019\/04\/logo_mtx_xxls.svg\",\"caption\":\"Massebeuf Textiles\"},\"image\":{\"@id\":\"https:\/\/www.massebeuf-textiles.com\/#logo\"}},{\"@type\":\"WebSite\",\"@id\":\"https:\/\/www.massebeuf-textiles.com\/#website\",\"url\":\"https:\/\/www.massebeuf-textiles.com\/\",\"name\":\"Massebeuf Textiles\",\"description\":\"We design and manufacture technical and functional yarns.\",\"publisher\":{\"@id\":\"https:\/\/www.massebeuf-textiles.com\/#organization\"},\"potentialAction\":[{\"@type\":\"SearchAction\",\"target\":\"https:\/\/www.massebeuf-textiles.com\/?s={search_term_string}\",\"query-input\":\"required name=search_term_string\"}],\"inLanguage\":\"de\"},{\"@type\":\"ImageObject\",\"@id\":\"https:\/\/www.massebeuf-textiles.com\/our-story\/#primaryimage\",\"inLanguage\":\"de\",\"url\":\"https:\/\/www.massebeuf-textiles.com\/Wp19Mtx07\/wp-content\/uploads\/elementor\/thumbs\/machines_usine_massebeuf_textile-o6u45kczma485967nf5hdipn6erruhu9w41403peh4.jpg\"},{\"@type\":\"WebPage\",\"@id\":\"https:\/\/www.massebeuf-textiles.com\/our-story\/#webpage\",\"url\":\"https:\/\/www.massebeuf-textiles.com\/our-story\/\",\"name\":\"Our story &bull; Massebeuf Textiles\",\"isPartOf\":{\"@id\":\"https:\/\/www.massebeuf-textiles.com\/#website\"},\"primaryImageOfPage\":{\"@id\":\"https:\/\/www.massebeuf-textiles.com\/our-story\/#primaryimage\"},\"datePublished\":\"2019-05-02T07:08:33+00:00\",\"dateModified\":\"2019-07-31T12:35:13+00:00\",\"breadcrumb\":{\"@id\":\"https:\/\/www.massebeuf-textiles.com\/our-story\/#breadcrumb\"},\"inLanguage\":\"de\",\"potentialAction\":[{\"@type\":\"ReadAction\",\"target\":[\"https:\/\/www.massebeuf-textiles.com\/our-story\/\"]}]},{\"@type\":\"BreadcrumbList\",\"@id\":\"https:\/\/www.massebeuf-textiles.com\/our-story\/#breadcrumb\",\"itemListElement\":[{\"@type\":\"ListItem\",\"position\":1,\"item\":{\"@type\":\"WebPage\",\"@id\":\"https:\/\/www.massebeuf-textiles.com\/\",\"url\":\"https:\/\/www.massebeuf-textiles.com\/\",\"name\":\"Home\"}},{\"@type\":\"ListItem\",\"position\":2,\"item\":{\"@type\":\"WebPage\",\"@id\":\"https:\/\/www.massebeuf-textiles.com\/our-story\/\",\"url\":\"https:\/\/www.massebeuf-textiles.com\/our-story\/\",\"name\":\"Our story\"}}]}]}<\/script>\n<!-- \/ Yoast SEO plugin. -->","_links":{"self":[{"href":"https:\/\/www.massebeuf-textiles.com\/de\/wp-json\/wp\/v2\/pages\/619"}],"collection":[{"href":"https:\/\/www.massebeuf-textiles.com\/de\/wp-json\/wp\/v2\/pages"}],"about":[{"href":"https:\/\/www.massebeuf-textiles.com\/de\/wp-json\/wp\/v2\/types\/page"}],"author":[{"embeddable":true,"href":"https:\/\/www.massebeuf-textiles.com\/de\/wp-json\/wp\/v2\/users\/1"}],"replies":[{"embeddable":true,"href":"https:\/\/www.massebeuf-textiles.com\/de\/wp-json\/wp\/v2\/comments?post=619"}],"version-history":[{"count":32,"href":"https:\/\/www.massebeuf-textiles.com\/de\/wp-json\/wp\/v2\/pages\/619\/revisions"}],"predecessor-version":[{"id":1350,"href":"https:\/\/www.massebeuf-textiles.com\/de\/wp-json\/wp\/v2\/pages\/619\/revisions\/1350"}],"wp:attachment":[{"href":"https:\/\/www.massebeuf-textiles.com\/de\/wp-json\/wp\/v2\/media?parent=619"}],"curies":[{"name":"wp","href":"https:\/\/api.w.org\/{rel}","templated":true}]}}