{"id":1049,"date":"2019-06-19T08:41:35","date_gmt":"2019-06-19T06:41:35","guid":{"rendered":"https:\/\/www.massebeuf-textiles.com\/?page_id=1049"},"modified":"2020-01-13T11:56:04","modified_gmt":"2020-01-13T10:56:04","slug":"legal-notice","status":"publish","type":"page","link":"https:\/\/www.massebeuf-textiles.com\/fr\/legal-notice\/","title":{"rendered":"Mentions l\u00e9gales"},"content":{"rendered":"<h2>Directeur de la publication<\/h2>\n\n\n\n<p>Patrick Massebeuf \u2013 Pr\u00e9sident<\/p>\n\n\n\n<h2>Editeur du site<\/h2>\n\n\n\n<p class=\" translation-block\">Massebeuf Textiles,<br>SAS au capital\u00a0de 750.000\u20ac<br>SIREN 421\u00a0430\u00a0935, RCS Aubenas.<\/p>\n\n\n\n<p class=\" translation-block\">Si\u00e8ge social : 135 route de la Fabrique \u2013 07380 Pont-de-Labeaume<br>SIRET 421 430 935 00021<\/p>\n\n\n\n<h2>H\u00e9bergement<\/h2>\n\n\n\n<p>OVH<br>SIREN B 635 680 291<br>APE (activity code) 6202A<br>Nr TVA europ\u00e9en : FR22424761419<br>Bureaux : 2 rue Kellermann \u2013 59100 Roubaix \u2013 France<\/p>\n\n\n\n<h2>Cr\u00e9ation web<\/h2>\n\n\n\n<p>Massebeuf textiles &#8211; Laurent Pot<br>Copyright (c) Massebeuf Textiles 2019<\/p>\n\n\n\n<h2>Propri\u00e9t\u00e9 intellectuelle et contrefa\u00e7ons<\/h2>\n\n\n\n<p>Massebeuf Textiles est propri\u00e9taire des droits de propri\u00e9t\u00e9 intellectuelle ou d\u00e9tient les droits d\u2019usage sur tous les \u00e9l\u00e9ments accessibles sur le site.<\/p>\n\n\n\n<p>Toute reproduction, repr\u00e9sentation, modification, publication, adaptation de tout ou partie des \u00e9l\u00e9ments du site, quel que soit le moyen ou le proc\u00e9d\u00e9 utilis\u00e9, est interdite, sauf autorisation \u00e9crite pr\u00e9alable de ladite soci\u00e9t\u00e9. Toute exploitation non autoris\u00e9e du site ou de l\u2019un quelconque des \u00e9l\u00e9ments qu\u2019il contient sera consid\u00e9r\u00e9e comme constitutive d\u2019une contrefa\u00e7on et poursuivie conform\u00e9ment aux dispositions des articles L.335-2 et suivants du Code de Propri\u00e9t\u00e9 Intellectuelle.<\/p>\n\n\n\n<p>L'int\u00e9gralit\u00e9 du contenu de ce site est prot\u00e9g\u00e9 par le droit d'auteur, notamment les textes, graphiques, photos, vid\u00e9os et toutes autres images ou sons, mais aussi l'architecture du site, son nom et son identit\u00e9 graphique.<\/p>","protected":false},"excerpt":{"rendered":"<p>Publishing director Patrick Massebeuf &#8211; President Website publisher Massebeuf Textiles,Simplified joint-stock company &#8211; Registered capital&nbsp;750.000\u20acTrade registered number 421&nbsp;430&nbsp;935, Aubenas. Headquarter : 135 route de la Fabrique &#8211; 07380 Pont-de-LabeaumeTrade registered number 421 430 935 00021 Web hosting services OVHTrade Register number B 635 680 291APE (activity code) 6202AEuropean VAT number: FR22424761419Registered office : 2 rue [&hellip;]<\/p>","protected":false},"author":1,"featured_media":0,"parent":0,"menu_order":0,"comment_status":"closed","ping_status":"closed","template":"","meta":{"_monsterinsights_skip_tracking":false,"_monsterinsights_sitenote_active":false,"_monsterinsights_sitenote_note":"","_monsterinsights_sitenote_category":0},"yoast_head":"<!-- This site is optimized with the Yoast SEO plugin v15.8 - https:\/\/yoast.com\/wordpress\/plugins\/seo\/ -->\n<title>Legal notice &bull; Massebeuf Textiles<\/title>\n<meta name=\"robots\" content=\"index, follow, max-snippet:-1, max-image-preview:large, max-video-preview:-1\" \/>\n<link rel=\"canonical\" href=\"https:\/\/www.massebeuf-textiles.com\/fr\/legal-notice\/\" \/>\n<meta property=\"og:locale\" content=\"fr_FR\" \/>\n<meta property=\"og:type\" content=\"article\" \/>\n<meta property=\"og:title\" content=\"Legal notice &bull; Massebeuf Textiles\" \/>\n<meta property=\"og:description\" content=\"Publishing director Patrick Massebeuf &#8211; President Website publisher Massebeuf Textiles,Simplified joint-stock company &#8211; Registered capital&nbsp;750.000\u20acTrade registered number 421&nbsp;430&nbsp;935, Aubenas. Headquarter : 135 route de la Fabrique &#8211; 07380 Pont-de-LabeaumeTrade registered number 421 430 935 00021 Web hosting services OVHTrade Register number B 635 680 291APE (activity code) 6202AEuropean VAT number: FR22424761419Registered office : 2 rue [&hellip;]\" \/>\n<meta property=\"og:url\" content=\"https:\/\/www.massebeuf-textiles.com\/fr\/legal-notice\/\" \/>\n<meta property=\"og:site_name\" content=\"Massebeuf Textiles\" \/>\n<meta property=\"article:modified_time\" content=\"2020-01-13T10:56:04+00:00\" \/>\n<meta name=\"twitter:card\" content=\"summary_large_image\" \/>\n<meta name=\"twitter:label1\" content=\"Dur\u00e9e de lecture est.\">\n\t<meta name=\"twitter:data1\" content=\"1 minute\">\n<script type=\"application\/ld+json\" class=\"yoast-schema-graph\">{\"@context\":\"https:\/\/schema.org\",\"@graph\":[{\"@type\":\"Organization\",\"@id\":\"https:\/\/www.massebeuf-textiles.com\/#organization\",\"name\":\"Massebeuf Textiles\",\"url\":\"https:\/\/www.massebeuf-textiles.com\/\",\"sameAs\":[],\"logo\":{\"@type\":\"ImageObject\",\"@id\":\"https:\/\/www.massebeuf-textiles.com\/#logo\",\"inLanguage\":\"fr-FR\",\"url\":\"https:\/\/www.massebeuf-textiles.com\/Wp19Mtx07\/wp-content\/uploads\/2019\/04\/logo_mtx_xxls.svg\",\"caption\":\"Massebeuf Textiles\"},\"image\":{\"@id\":\"https:\/\/www.massebeuf-textiles.com\/#logo\"}},{\"@type\":\"WebSite\",\"@id\":\"https:\/\/www.massebeuf-textiles.com\/#website\",\"url\":\"https:\/\/www.massebeuf-textiles.com\/\",\"name\":\"Massebeuf Textiles\",\"description\":\"We design and manufacture technical and functional yarns.\",\"publisher\":{\"@id\":\"https:\/\/www.massebeuf-textiles.com\/#organization\"},\"potentialAction\":[{\"@type\":\"SearchAction\",\"target\":\"https:\/\/www.massebeuf-textiles.com\/?s={search_term_string}\",\"query-input\":\"required name=search_term_string\"}],\"inLanguage\":\"fr-FR\"},{\"@type\":\"WebPage\",\"@id\":\"https:\/\/www.massebeuf-textiles.com\/legal-notice\/#webpage\",\"url\":\"https:\/\/www.massebeuf-textiles.com\/legal-notice\/\",\"name\":\"Legal notice &bull; Massebeuf Textiles\",\"isPartOf\":{\"@id\":\"https:\/\/www.massebeuf-textiles.com\/#website\"},\"datePublished\":\"2019-06-19T06:41:35+00:00\",\"dateModified\":\"2020-01-13T10:56:04+00:00\",\"breadcrumb\":{\"@id\":\"https:\/\/www.massebeuf-textiles.com\/legal-notice\/#breadcrumb\"},\"inLanguage\":\"fr-FR\",\"potentialAction\":[{\"@type\":\"ReadAction\",\"target\":[\"https:\/\/www.massebeuf-textiles.com\/legal-notice\/\"]}]},{\"@type\":\"BreadcrumbList\",\"@id\":\"https:\/\/www.massebeuf-textiles.com\/legal-notice\/#breadcrumb\",\"itemListElement\":[{\"@type\":\"ListItem\",\"position\":1,\"item\":{\"@type\":\"WebPage\",\"@id\":\"https:\/\/www.massebeuf-textiles.com\/\",\"url\":\"https:\/\/www.massebeuf-textiles.com\/\",\"name\":\"Home\"}},{\"@type\":\"ListItem\",\"position\":2,\"item\":{\"@type\":\"WebPage\",\"@id\":\"https:\/\/www.massebeuf-textiles.com\/legal-notice\/\",\"url\":\"https:\/\/www.massebeuf-textiles.com\/legal-notice\/\",\"name\":\"Legal notice\"}}]}]}<\/script>\n<!-- \/ Yoast SEO plugin. -->","_links":{"self":[{"href":"https:\/\/www.massebeuf-textiles.com\/fr\/wp-json\/wp\/v2\/pages\/1049"}],"collection":[{"href":"https:\/\/www.massebeuf-textiles.com\/fr\/wp-json\/wp\/v2\/pages"}],"about":[{"href":"https:\/\/www.massebeuf-textiles.com\/fr\/wp-json\/wp\/v2\/types\/page"}],"author":[{"embeddable":true,"href":"https:\/\/www.massebeuf-textiles.com\/fr\/wp-json\/wp\/v2\/users\/1"}],"replies":[{"embeddable":true,"href":"https:\/\/www.massebeuf-textiles.com\/fr\/wp-json\/wp\/v2\/comments?post=1049"}],"version-history":[{"count":8,"href":"https:\/\/www.massebeuf-textiles.com\/fr\/wp-json\/wp\/v2\/pages\/1049\/revisions"}],"predecessor-version":[{"id":1411,"href":"https:\/\/www.massebeuf-textiles.com\/fr\/wp-json\/wp\/v2\/pages\/1049\/revisions\/1411"}],"wp:attachment":[{"href":"https:\/\/www.massebeuf-textiles.com\/fr\/wp-json\/wp\/v2\/media?parent=1049"}],"curies":[{"name":"wp","href":"https:\/\/api.w.org\/{rel}","templated":true}]}}