{"id":5,"date":"2018-12-19T11:51:00","date_gmt":"2018-12-19T10:51:00","guid":{"rendered":"http:\/\/massebeunv.cluster027.hosting.ovh.net\/WpDev18\/?page_id=5"},"modified":"2019-10-28T12:17:24","modified_gmt":"2019-10-28T11:17:24","slug":"createur-et-fabricant-de-fils-techniques-fonctionnels","status":"publish","type":"page","link":"https:\/\/www.massebeuf-textiles.com\/fr\/","title":{"rendered":"Cr\u00e9ateur et fabricant de fils techniques fonctionnels"},"content":{"rendered":"<div data-elementor-type=\"wp-post\" data-elementor-id=\"5\" class=\"elementor elementor-5\" data-elementor-settings=\"[]\">\n\t\t\t\t\t\t<div class=\"elementor-inner\">\n\t\t\t\t\t\t\t<div class=\"elementor-section-wrap\">\n\t\t\t\t\t\t\t<section class=\"elementor-section elementor-top-section elementor-element elementor-element-1b28aee elementor-section-full_width elementor-section-height-default elementor-section-height-default\" data-id=\"1b28aee\" data-element_type=\"section\" data-settings=\"{&quot;background_background&quot;:&quot;classic&quot;}\">\n\t\t\t\t\t\t\t<div class=\"elementor-background-overlay\"><\/div>\n\t\t\t\t\t\t\t<div class=\"elementor-container elementor-column-gap-default\">\n\t\t\t\t\t\t\t<div class=\"elementor-row\">\n\t\t\t\t\t<div class=\"elementor-column elementor-col-100 elementor-top-column elementor-element elementor-element-62589b6\" data-id=\"62589b6\" data-element_type=\"column\" data-settings=\"{&quot;background_background&quot;:&quot;classic&quot;}\">\n\t\t\t<div class=\"elementor-column-wrap elementor-element-populated\">\n\t\t\t\t\t<div class=\"elementor-background-overlay\"><\/div>\n\t\t\t\t\t\t\t<div class=\"elementor-widget-wrap\">\n\t\t\t\t\t\t<section class=\"elementor-section elementor-inner-section elementor-element elementor-element-f451642 elementor-section-full_width elementor-section-height-default elementor-section-height-default\" data-id=\"f451642\" data-element_type=\"section\" data-settings=\"{&quot;background_background&quot;:&quot;classic&quot;}\">\n\t\t\t\t\t\t<div class=\"elementor-container elementor-column-gap-default\">\n\t\t\t\t\t\t\t<div class=\"elementor-row\">\n\t\t\t\t\t<div class=\"elementor-column elementor-col-100 elementor-inner-column elementor-element elementor-element-dcc0c58\" data-id=\"dcc0c58\" data-element_type=\"column\" data-settings=\"{&quot;background_background&quot;:&quot;classic&quot;}\">\n\t\t\t<div class=\"elementor-column-wrap elementor-element-populated\">\n\t\t\t\t\t\t\t<div class=\"elementor-widget-wrap\">\n\t\t\t\t\t\t<div class=\"elementor-element elementor-element-d142e56 elementor--v-position-bottom elementor--h-position-right elementor-widget elementor-widget-slides\" data-id=\"d142e56\" data-element_type=\"widget\" data-settings=\"{&quot;navigation&quot;:&quot;none&quot;,&quot;autoplay&quot;:&quot;yes&quot;,&quot;pause_on_hover&quot;:&quot;yes&quot;,&quot;pause_on_interaction&quot;:&quot;yes&quot;,&quot;autoplay_speed&quot;:5000,&quot;infinite&quot;:&quot;yes&quot;,&quot;transition&quot;:&quot;slide&quot;,&quot;transition_speed&quot;:500}\" data-widget_type=\"slides.default\">\n\t\t\t\t<div class=\"elementor-widget-container\">\n\t\t\t\t\t<div class=\"elementor-swiper\">\n\t\t\t<div class=\"elementor-slides-wrapper elementor-main-swiper swiper-container\" dir=\"ltr\" data-animation=\"fadeInUp\">\n\t\t\t\t<div class=\"swiper-wrapper elementor-slides\">\n\t\t\t\t\t<div class=\"elementor-repeater-item-252ab73 swiper-slide\"><div class=\"swiper-slide-bg elementor-ken-burns elementor-ken-burns--out\"><\/div><a class=\"swiper-slide-inner\" href=\"https:\/\/www.massebeuf-textiles.com\/fr\/our-values\/\"><div class=\"swiper-slide-contents\"><div class=\"elementor-slide-heading\">Massebeuf Textiles<\/div><div class=\"elementor-slide-description\">Nous concevons et fabriquons des fils techniques et fonctionnels<\/div><div  class=\"elementor-button elementor-slide-button elementor-size-sm\">Nos valeurs...<\/div><\/div><\/a><\/div>\t\t\t\t<\/div>\n\t\t\t\t\t\t\t<\/div>\n\t\t<\/div>\n\t\t\t\t<\/div>\n\t\t\t\t<\/div>\n\t\t\t\t\t\t<\/div>\n\t\t\t\t\t<\/div>\n\t\t<\/div>\n\t\t\t\t\t\t\t\t<\/div>\n\t\t\t\t\t<\/div>\n\t\t<\/section>\n\t\t\t\t\t\t<\/div>\n\t\t\t\t\t<\/div>\n\t\t<\/div>\n\t\t\t\t\t\t\t\t<\/div>\n\t\t\t\t\t<\/div>\n\t\t<\/section>\n\t\t\t\t<section class=\"elementor-section elementor-top-section elementor-element elementor-element-a013e83 elementor-section-full_width elementor-section-height-default elementor-section-height-default\" data-id=\"a013e83\" data-element_type=\"section\">\n\t\t\t\t\t\t<div class=\"elementor-container elementor-column-gap-default\">\n\t\t\t\t\t\t\t<div class=\"elementor-row\">\n\t\t\t\t\t<div class=\"elementor-column elementor-col-100 elementor-top-column elementor-element elementor-element-1b7b2ab\" data-id=\"1b7b2ab\" data-element_type=\"column\">\n\t\t\t<div class=\"elementor-column-wrap elementor-element-populated\">\n\t\t\t\t\t\t\t<div class=\"elementor-widget-wrap\">\n\t\t\t\t\t\t<div class=\"elementor-element elementor-element-0c7551b elementor-view-default elementor-vertical-align-top elementor-widget elementor-widget-icon-box\" data-id=\"0c7551b\" data-element_type=\"widget\" data-widget_type=\"icon-box.default\">\n\t\t\t\t<div class=\"elementor-widget-container\">\n\t\t\t\t\t<div class=\"elementor-icon-box-wrapper\">\n\t\t\t\t\t\t<div class=\"elementor-icon-box-content\">\n\t\t\t\t<h3 class=\"elementor-icon-box-title\">\n\t\t\t\t\t<span ><\/span>\n\t\t\t\t<\/h3>\n\t\t\t\t\t\t\t<\/div>\n\t\t<\/div>\n\t\t\t\t<\/div>\n\t\t\t\t<\/div>\n\t\t\t\t<div class=\"elementor-element elementor-element-9a76c5c elementor-view-default elementor-vertical-align-top elementor-widget elementor-widget-icon-box\" data-id=\"9a76c5c\" data-element_type=\"widget\" data-widget_type=\"icon-box.default\">\n\t\t\t\t<div class=\"elementor-widget-container\">\n\t\t\t\t\t<div class=\"elementor-icon-box-wrapper\">\n\t\t\t\t\t\t<div class=\"elementor-icon-box-content\">\n\t\t\t\t<h3 class=\"elementor-icon-box-title\">\n\t\t\t\t\t<span ><\/span>\n\t\t\t\t<\/h3>\n\t\t\t\t\t\t\t<\/div>\n\t\t<\/div>\n\t\t\t\t<\/div>\n\t\t\t\t<\/div>\n\t\t\t\t\t\t<\/div>\n\t\t\t\t\t<\/div>\n\t\t<\/div>\n\t\t\t\t\t\t\t\t<\/div>\n\t\t\t\t\t<\/div>\n\t\t<\/section>\n\t\t\t\t<section class=\"elementor-section elementor-top-section elementor-element elementor-element-be1d104 elementor-section-boxed elementor-section-height-default elementor-section-height-default\" data-id=\"be1d104\" data-element_type=\"section\">\n\t\t\t\t\t\t<div class=\"elementor-container elementor-column-gap-default\">\n\t\t\t\t\t\t\t<div class=\"elementor-row\">\n\t\t\t\t\t<div class=\"elementor-column elementor-col-100 elementor-top-column elementor-element elementor-element-aff80b5\" data-id=\"aff80b5\" data-element_type=\"column\">\n\t\t\t<div class=\"elementor-column-wrap elementor-element-populated\">\n\t\t\t\t\t\t\t<div class=\"elementor-widget-wrap\">\n\t\t\t\t\t\t<div class=\"elementor-element elementor-element-0189b24 elementor-widget elementor-widget-heading\" data-id=\"0189b24\" data-element_type=\"widget\" data-widget_type=\"heading.default\">\n\t\t\t\t<div class=\"elementor-widget-container\">\n\t\t\t<h2 class=\"elementor-heading-title elementor-size-xl\">Nos fils<\/h2>\t\t<\/div>\n\t\t\t\t<\/div>\n\t\t\t\t<div class=\"elementor-element elementor-element-b19a3de elementor-widget elementor-widget-text-editor\" data-id=\"b19a3de\" data-element_type=\"widget\" data-widget_type=\"text-editor.default\">\n\t\t\t\t<div class=\"elementor-widget-container\">\n\t\t\t\t\t\t\t\t<div class=\"elementor-text-editor elementor-clearfix\">\n\t\t\t\t\t<p>Travaillant toutes natures de fils, fibres et\/ou filaments, nous ma\u00eetrisons tous les proc\u00e9d\u00e9s de fabrication (guipage, retordage, c\u00e2blage, texturation, fonctionnalisation, teinture) - certifi\u00e9s ISO9001 - pour produire des fils innovants et de haute performance, capables de r\u00e9pondre aux exigences de nos clients.<\/p>\t\t\t\t\t<\/div>\n\t\t\t\t\t\t<\/div>\n\t\t\t\t<\/div>\n\t\t\t\t<div class=\"elementor-element elementor-element-26d481f elementor-grid-3 elementor-grid-tablet-2 elementor-grid-mobile-1 elementor-posts--thumbnail-top elementor-posts__hover-gradient elementor-widget elementor-widget-posts\" data-id=\"26d481f\" data-element_type=\"widget\" data-settings=\"{&quot;cards_columns&quot;:&quot;3&quot;,&quot;cards_columns_tablet&quot;:&quot;2&quot;,&quot;cards_columns_mobile&quot;:&quot;1&quot;,&quot;cards_row_gap&quot;:{&quot;unit&quot;:&quot;px&quot;,&quot;size&quot;:35,&quot;sizes&quot;:[]}}\" data-widget_type=\"posts.cards\">\n\t\t\t\t<div class=\"elementor-widget-container\">\n\t\t\t\t\t<div class=\"elementor-posts-container elementor-posts elementor-posts--skin-cards elementor-grid\">\n\t\t\t\t<article class=\"elementor-post elementor-grid-item post-512 post type-post status-publish format-standard has-post-thumbnail hentry category-technical-functional-yarns tag-elastic\">\n\t\t\t<div class=\"elementor-post__card\">\n\t\t\t\t<a class=\"elementor-post__thumbnail__link\" href=\"https:\/\/www.massebeuf-textiles.com\/fr\/technical-functional-yarns\/covered-elastic-yarns\/\" >\n\t\t\t<div class=\"elementor-post__thumbnail\"><img width=\"300\" height=\"229\" src=\"https:\/\/www.massebeuf-textiles.com\/Wp19Mtx07\/wp-content\/uploads\/2019\/04\/covered_elastic_yarns-300x229.jpg\" class=\"attachment-medium size-medium\" alt=\"Covered elastic yarns illustrated by tights on legs\" loading=\"lazy\" srcset=\"https:\/\/www.massebeuf-textiles.com\/Wp19Mtx07\/wp-content\/uploads\/2019\/04\/covered_elastic_yarns-300x229.jpg 300w, https:\/\/www.massebeuf-textiles.com\/Wp19Mtx07\/wp-content\/uploads\/2019\/04\/covered_elastic_yarns-768x585.jpg 768w, https:\/\/www.massebeuf-textiles.com\/Wp19Mtx07\/wp-content\/uploads\/2019\/04\/covered_elastic_yarns-1024x780.jpg 1024w, https:\/\/www.massebeuf-textiles.com\/Wp19Mtx07\/wp-content\/uploads\/2019\/04\/covered_elastic_yarns.jpg 1201w\" sizes=\"(max-width: 300px) 100vw, 300px\" \/><\/div>\n\t\t<\/a>\n\t\t\t\t<div class=\"elementor-post__badge\">Elastique<\/div>\n\t\t\t\t<div class=\"elementor-post__text\">\n\t\t\t\t<h3 class=\"elementor-post__title\">\n\t\t\t<a href=\"https:\/\/www.massebeuf-textiles.com\/fr\/technical-functional-yarns\/covered-elastic-yarns\/\" >\n\t\t\t\tFils guip\u00e9s \u00e9lastiques\t\t\t<\/a>\n\t\t<\/h3>\n\t\t\t\t<div class=\"elementor-post__excerpt\">\n\t\t\t<p>Massebeuf Textiles est sp\u00e9cialiste des fils guip\u00e9s depuis plus de 40 ans.<\/p>\n\t\t<\/div>\n\t\t\t\t<\/div>\n\t\t\t\t\t<\/div>\n\t\t<\/article>\n\t\t\t\t<article class=\"elementor-post elementor-grid-item post-70 post type-post status-publish format-standard has-post-thumbnail hentry category-technical-functional-yarns tag-grip\">\n\t\t\t<div class=\"elementor-post__card\">\n\t\t\t\t<a class=\"elementor-post__thumbnail__link\" href=\"https:\/\/www.massebeuf-textiles.com\/fr\/technical-functional-yarns\/yarn-silicone-silicotex\/\" >\n\t\t\t<div class=\"elementor-post__thumbnail\"><img width=\"300\" height=\"166\" src=\"https:\/\/www.massebeuf-textiles.com\/Wp19Mtx07\/wp-content\/uploads\/2018\/12\/massebeuf-textiles-fils-silicone-1038x576-300x166.jpg\" class=\"attachment-medium size-medium\" alt=\"\" loading=\"lazy\" srcset=\"https:\/\/www.massebeuf-textiles.com\/Wp19Mtx07\/wp-content\/uploads\/2018\/12\/massebeuf-textiles-fils-silicone-1038x576-300x166.jpg 300w, https:\/\/www.massebeuf-textiles.com\/Wp19Mtx07\/wp-content\/uploads\/2018\/12\/massebeuf-textiles-fils-silicone-1038x576-768x426.jpg 768w, https:\/\/www.massebeuf-textiles.com\/Wp19Mtx07\/wp-content\/uploads\/2018\/12\/massebeuf-textiles-fils-silicone-1038x576-1024x568.jpg 1024w, https:\/\/www.massebeuf-textiles.com\/Wp19Mtx07\/wp-content\/uploads\/2018\/12\/massebeuf-textiles-fils-silicone-1038x576.jpg 1038w\" sizes=\"(max-width: 300px) 100vw, 300px\" \/><\/div>\n\t\t<\/a>\n\t\t\t\t<div class=\"elementor-post__badge\">anti-glisse<\/div>\n\t\t\t\t<div class=\"elementor-post__text\">\n\t\t\t\t<h3 class=\"elementor-post__title\">\n\t\t\t<a href=\"https:\/\/www.massebeuf-textiles.com\/fr\/technical-functional-yarns\/yarn-silicone-silicotex\/\" >\n\t\t\t\tSilicotex\u00ae\t\t\t<\/a>\n\t\t<\/h3>\n\t\t\t\t<div class=\"elementor-post__excerpt\">\n\t\t\t<p>Un fil silicone bas\u00e9 sur une technologie brevet\u00e9e, qui associe les propri\u00e9t\u00e9s du silicone et des fils multi-filaments pour proposer un effet anti-glisse adapt\u00e9.<\/p>\n\t\t<\/div>\n\t\t\t\t<\/div>\n\t\t\t\t\t<\/div>\n\t\t<\/article>\n\t\t\t\t<article class=\"elementor-post elementor-grid-item post-465 post type-post status-publish format-standard has-post-thumbnail hentry category-technical-functional-yarns tag-cut-abrasion-resistance\">\n\t\t\t<div class=\"elementor-post__card\">\n\t\t\t\t<a class=\"elementor-post__thumbnail__link\" href=\"https:\/\/www.massebeuf-textiles.com\/fr\/technical-functional-yarns\/cut-resistant-yarn-protectio\/\" >\n\t\t\t<div class=\"elementor-post__thumbnail\"><img width=\"300\" height=\"201\" src=\"https:\/\/www.massebeuf-textiles.com\/Wp19Mtx07\/wp-content\/uploads\/2019\/04\/cut_resistant_gloves-300x201.jpg\" class=\"attachment-medium size-medium\" alt=\"Cut resistant gloves\" loading=\"lazy\" srcset=\"https:\/\/www.massebeuf-textiles.com\/Wp19Mtx07\/wp-content\/uploads\/2019\/04\/cut_resistant_gloves-300x201.jpg 300w, https:\/\/www.massebeuf-textiles.com\/Wp19Mtx07\/wp-content\/uploads\/2019\/04\/cut_resistant_gloves-768x515.jpg 768w, https:\/\/www.massebeuf-textiles.com\/Wp19Mtx07\/wp-content\/uploads\/2019\/04\/cut_resistant_gloves-1024x686.jpg 1024w, https:\/\/www.massebeuf-textiles.com\/Wp19Mtx07\/wp-content\/uploads\/2019\/04\/cut_resistant_gloves.jpg 2000w\" sizes=\"(max-width: 300px) 100vw, 300px\" \/><\/div>\n\t\t<\/a>\n\t\t\t\t<div class=\"elementor-post__badge\">R\u00e9sistant \u00e0 la coupure et \u00e0 l'abrasion<\/div>\n\t\t\t\t<div class=\"elementor-post__text\">\n\t\t\t\t<h3 class=\"elementor-post__title\">\n\t\t\t<a href=\"https:\/\/www.massebeuf-textiles.com\/fr\/technical-functional-yarns\/cut-resistant-yarn-protectio\/\" >\n\t\t\t\tProtectio\u00ae\t\t\t<\/a>\n\t\t<\/h3>\n\t\t\t\t<div class=\"elementor-post__excerpt\">\n\t\t\t<p>Protectio offre la protection la mieux adapt\u00e9e, tout en optimisant la performance, le co\u00fbt et le confort.<\/p>\n\t\t<\/div>\n\t\t\t\t<\/div>\n\t\t\t\t\t<\/div>\n\t\t<\/article>\n\t\t\t\t<article class=\"elementor-post elementor-grid-item post-528 post type-post status-publish format-standard has-post-thumbnail hentry category-technical-functional-yarns tag-water-oil-repellent\">\n\t\t\t<div class=\"elementor-post__card\">\n\t\t\t\t<a class=\"elementor-post__thumbnail__link\" href=\"https:\/\/www.massebeuf-textiles.com\/fr\/technical-functional-yarns\/repellent-yarns-wr\/\" >\n\t\t\t<div class=\"elementor-post__thumbnail\"><img width=\"300\" height=\"200\" src=\"https:\/\/www.massebeuf-textiles.com\/Wp19Mtx07\/wp-content\/uploads\/2019\/04\/repellent_yarn-300x200.jpg\" class=\"attachment-medium size-medium\" alt=\"\" loading=\"lazy\" srcset=\"https:\/\/www.massebeuf-textiles.com\/Wp19Mtx07\/wp-content\/uploads\/2019\/04\/repellent_yarn-300x200.jpg 300w, https:\/\/www.massebeuf-textiles.com\/Wp19Mtx07\/wp-content\/uploads\/2019\/04\/repellent_yarn-768x512.jpg 768w, https:\/\/www.massebeuf-textiles.com\/Wp19Mtx07\/wp-content\/uploads\/2019\/04\/repellent_yarn-1024x683.jpg 1024w, https:\/\/www.massebeuf-textiles.com\/Wp19Mtx07\/wp-content\/uploads\/2019\/04\/repellent_yarn.jpg 1201w\" sizes=\"(max-width: 300px) 100vw, 300px\" \/><\/div>\n\t\t<\/a>\n\t\t\t\t<div class=\"elementor-post__badge\">R\u00e9sistant \u00e0 l'eau\/\u00e0 l'huile<\/div>\n\t\t\t\t<div class=\"elementor-post__text\">\n\t\t\t\t<h3 class=\"elementor-post__title\">\n\t\t\t<a href=\"https:\/\/www.massebeuf-textiles.com\/fr\/technical-functional-yarns\/repellent-yarns-wr\/\" >\n\t\t\t\tFils d\u00e9perlants - WR\t\t\t<\/a>\n\t\t<\/h3>\n\t\t\t\t<div class=\"elementor-post__excerpt\">\n\t\t\t<p>Les traitements d\u00e9perlants prot\u00e8gent les tissus de l'eau ou des substances huileuses.<\/p>\n\t\t<\/div>\n\t\t\t\t<\/div>\n\t\t\t\t\t<\/div>\n\t\t<\/article>\n\t\t\t\t<article class=\"elementor-post elementor-grid-item post-519 post type-post status-publish format-standard has-post-thumbnail hentry category-technical-functional-yarns tag-conductive\">\n\t\t\t<div class=\"elementor-post__card\">\n\t\t\t\t<a class=\"elementor-post__thumbnail__link\" href=\"https:\/\/www.massebeuf-textiles.com\/fr\/technical-functional-yarns\/conductive-yarns\/\" >\n\t\t\t<div class=\"elementor-post__thumbnail\"><img width=\"300\" height=\"200\" src=\"https:\/\/www.massebeuf-textiles.com\/Wp19Mtx07\/wp-content\/uploads\/2019\/04\/conductive_yarn-300x200.jpg\" class=\"attachment-medium size-medium\" alt=\"Conductive yarn application\" loading=\"lazy\" srcset=\"https:\/\/www.massebeuf-textiles.com\/Wp19Mtx07\/wp-content\/uploads\/2019\/04\/conductive_yarn-300x200.jpg 300w, https:\/\/www.massebeuf-textiles.com\/Wp19Mtx07\/wp-content\/uploads\/2019\/04\/conductive_yarn-768x511.jpg 768w, https:\/\/www.massebeuf-textiles.com\/Wp19Mtx07\/wp-content\/uploads\/2019\/04\/conductive_yarn-1024x682.jpg 1024w, https:\/\/www.massebeuf-textiles.com\/Wp19Mtx07\/wp-content\/uploads\/2019\/04\/conductive_yarn.jpg 1199w\" sizes=\"(max-width: 300px) 100vw, 300px\" \/><\/div>\n\t\t<\/a>\n\t\t\t\t<div class=\"elementor-post__badge\">Conducteur<\/div>\n\t\t\t\t<div class=\"elementor-post__text\">\n\t\t\t\t<h3 class=\"elementor-post__title\">\n\t\t\t<a href=\"https:\/\/www.massebeuf-textiles.com\/fr\/technical-functional-yarns\/conductive-yarns\/\" >\n\t\t\t\tFils conducteurs\t\t\t<\/a>\n\t\t<\/h3>\n\t\t\t\t<div class=\"elementor-post__excerpt\">\n\t\t\t<p>Gr\u00e2ce \u00e0 notre expertise dans l'assemblage de fils, nous utilisons les meilleures combinaisons de mati\u00e8res et technologies pour d\u00e9velopper des fils conducteurs adapt\u00e9s aux applications les plus pointues.<\/p>\n\t\t<\/div>\n\t\t\t\t<\/div>\n\t\t\t\t\t<\/div>\n\t\t<\/article>\n\t\t\t\t<article class=\"elementor-post elementor-grid-item post-536 post type-post status-publish format-standard has-post-thumbnail hentry category-technical-functional-yarns tag-shock-absorbing\">\n\t\t\t<div class=\"elementor-post__card\">\n\t\t\t\t<a class=\"elementor-post__thumbnail__link\" href=\"https:\/\/www.massebeuf-textiles.com\/fr\/technical-functional-yarns\/shock-absorbing-yarns\/\" >\n\t\t\t<div class=\"elementor-post__thumbnail\"><img width=\"300\" height=\"200\" src=\"https:\/\/www.massebeuf-textiles.com\/Wp19Mtx07\/wp-content\/uploads\/2019\/04\/shock_absorbing_yarn-300x200.jpg\" class=\"attachment-medium size-medium\" alt=\"Shock absorbing yarn\" loading=\"lazy\" srcset=\"https:\/\/www.massebeuf-textiles.com\/Wp19Mtx07\/wp-content\/uploads\/2019\/04\/shock_absorbing_yarn-300x200.jpg 300w, https:\/\/www.massebeuf-textiles.com\/Wp19Mtx07\/wp-content\/uploads\/2019\/04\/shock_absorbing_yarn-768x512.jpg 768w, https:\/\/www.massebeuf-textiles.com\/Wp19Mtx07\/wp-content\/uploads\/2019\/04\/shock_absorbing_yarn-1024x682.jpg 1024w, https:\/\/www.massebeuf-textiles.com\/Wp19Mtx07\/wp-content\/uploads\/2019\/04\/shock_absorbing_yarn.jpg 1193w\" sizes=\"(max-width: 300px) 100vw, 300px\" \/><\/div>\n\t\t<\/a>\n\t\t\t\t<div class=\"elementor-post__badge\">Absorption des chocs<\/div>\n\t\t\t\t<div class=\"elementor-post__text\">\n\t\t\t\t<h3 class=\"elementor-post__title\">\n\t\t\t<a href=\"https:\/\/www.massebeuf-textiles.com\/fr\/technical-functional-yarns\/shock-absorbing-yarns\/\" >\n\t\t\t\tFils absorbeurs de chocs\t\t\t<\/a>\n\t\t<\/h3>\n\t\t\t\t<div class=\"elementor-post__excerpt\">\n\t\t\t<p>Fils composites \u00e0 forte \u00e9longation pour dissiper l'\u00e9nergie d'impact.<\/p>\n\t\t<\/div>\n\t\t\t\t<\/div>\n\t\t\t\t\t<\/div>\n\t\t<\/article>\n\t\t\t\t<\/div>\n\t\t\t\t<\/div>\n\t\t\t\t<\/div>\n\t\t\t\t\t\t<\/div>\n\t\t\t\t\t<\/div>\n\t\t<\/div>\n\t\t\t\t\t\t\t\t<\/div>\n\t\t\t\t\t<\/div>\n\t\t<\/section>\n\t\t\t\t\t\t<\/div>\n\t\t\t\t\t\t<\/div>\n\t\t\t\t\t<\/div>","protected":false},"excerpt":{"rendered":"<p>Massebeuf TextilesWe design &#038; manufacture technical &#038; functional yarns.Our values&#8230; Our yarns Covering all kinds of continuous filament materials, we master a full range of ISO 9001 processes (covering, texturizing, twisting, cabling and coating) to produce innovative and high-performance yarns that match our customers needs.<\/p>","protected":false},"author":1,"featured_media":0,"parent":0,"menu_order":0,"comment_status":"closed","ping_status":"closed","template":"","meta":{"_monsterinsights_skip_tracking":false,"_monsterinsights_sitenote_active":false,"_monsterinsights_sitenote_note":"","_monsterinsights_sitenote_category":0},"yoast_head":"<!-- This site is optimized with the Yoast SEO plugin v15.8 - https:\/\/yoast.com\/wordpress\/plugins\/seo\/ -->\n<title>Cr\u00e9ateur et fabricant de fils techniques fonctionnels &bull; Massebeuf Textiles<\/title>\n<meta name=\"description\" content=\"Nous travaillons toutes natures de fils, fibres et\/ou filaments et nous ma\u00eetrisons tous les proc\u00e9d\u00e9s de fabrication (guipage, retordage, c\u00e2blage...).\" \/>\n<meta name=\"robots\" content=\"index, follow, max-snippet:-1, max-image-preview:large, max-video-preview:-1\" \/>\n<link rel=\"canonical\" href=\"https:\/\/www.massebeuf-textiles.com\/fr\/\" \/>\n<meta property=\"og:locale\" content=\"fr_FR\" \/>\n<meta property=\"og:type\" content=\"article\" \/>\n<meta property=\"og:title\" content=\"Cr\u00e9ateur et fabricant de fils techniques fonctionnels &bull; Massebeuf Textiles\" \/>\n<meta property=\"og:description\" content=\"Nous travaillons toutes natures de fils, fibres et\/ou filaments et nous ma\u00eetrisons tous les proc\u00e9d\u00e9s de fabrication (guipage, retordage, c\u00e2blage...).\" \/>\n<meta property=\"og:url\" content=\"https:\/\/www.massebeuf-textiles.com\/fr\/\" \/>\n<meta property=\"og:site_name\" content=\"Massebeuf Textiles\" \/>\n<meta property=\"article:modified_time\" content=\"2019-10-28T11:17:24+00:00\" \/>\n<meta name=\"twitter:card\" content=\"summary_large_image\" \/>\n<script type=\"application\/ld+json\" class=\"yoast-schema-graph\">{\"@context\":\"https:\/\/schema.org\",\"@graph\":[{\"@type\":\"Organization\",\"@id\":\"https:\/\/www.massebeuf-textiles.com\/#organization\",\"name\":\"Massebeuf Textiles\",\"url\":\"https:\/\/www.massebeuf-textiles.com\/\",\"sameAs\":[],\"logo\":{\"@type\":\"ImageObject\",\"@id\":\"https:\/\/www.massebeuf-textiles.com\/#logo\",\"inLanguage\":\"fr-FR\",\"url\":\"https:\/\/www.massebeuf-textiles.com\/Wp19Mtx07\/wp-content\/uploads\/2019\/04\/logo_mtx_xxls.svg\",\"caption\":\"Massebeuf Textiles\"},\"image\":{\"@id\":\"https:\/\/www.massebeuf-textiles.com\/#logo\"}},{\"@type\":\"WebSite\",\"@id\":\"https:\/\/www.massebeuf-textiles.com\/#website\",\"url\":\"https:\/\/www.massebeuf-textiles.com\/\",\"name\":\"Massebeuf Textiles\",\"description\":\"We design and manufacture technical and functional yarns.\",\"publisher\":{\"@id\":\"https:\/\/www.massebeuf-textiles.com\/#organization\"},\"potentialAction\":[{\"@type\":\"SearchAction\",\"target\":\"https:\/\/www.massebeuf-textiles.com\/?s={search_term_string}\",\"query-input\":\"required name=search_term_string\"}],\"inLanguage\":\"fr-FR\"},{\"@type\":\"WebPage\",\"@id\":\"https:\/\/www.massebeuf-textiles.com\/#webpage\",\"url\":\"https:\/\/www.massebeuf-textiles.com\/\",\"name\":\"Cr\\u00e9ateur et fabricant de fils techniques fonctionnels &bull; Massebeuf Textiles\",\"isPartOf\":{\"@id\":\"https:\/\/www.massebeuf-textiles.com\/#website\"},\"datePublished\":\"2018-12-19T10:51:00+00:00\",\"dateModified\":\"2019-10-28T11:17:24+00:00\",\"description\":\"Nous travaillons toutes natures de fils, fibres et\/ou filaments et nous ma\\u00eetrisons tous les proc\\u00e9d\\u00e9s de fabrication (guipage, retordage, c\\u00e2blage...).\",\"breadcrumb\":{\"@id\":\"https:\/\/www.massebeuf-textiles.com\/#breadcrumb\"},\"inLanguage\":\"fr-FR\",\"potentialAction\":[{\"@type\":\"ReadAction\",\"target\":[\"https:\/\/www.massebeuf-textiles.com\/\"]}]},{\"@type\":\"BreadcrumbList\",\"@id\":\"https:\/\/www.massebeuf-textiles.com\/#breadcrumb\",\"itemListElement\":[{\"@type\":\"ListItem\",\"position\":1,\"item\":{\"@type\":\"WebPage\",\"@id\":\"https:\/\/www.massebeuf-textiles.com\/\",\"url\":\"https:\/\/www.massebeuf-textiles.com\/\",\"name\":\"Home\"}},{\"@type\":\"ListItem\",\"position\":2,\"item\":{\"@type\":\"WebPage\",\"@id\":\"https:\/\/www.massebeuf-textiles.com\/\",\"url\":\"https:\/\/www.massebeuf-textiles.com\/\",\"name\":\"Cr\\u00e9ateur et fabricant de fils techniques fonctionnels\"}}]}]}<\/script>\n<!-- \/ Yoast SEO plugin. -->","_links":{"self":[{"href":"https:\/\/www.massebeuf-textiles.com\/fr\/wp-json\/wp\/v2\/pages\/5"}],"collection":[{"href":"https:\/\/www.massebeuf-textiles.com\/fr\/wp-json\/wp\/v2\/pages"}],"about":[{"href":"https:\/\/www.massebeuf-textiles.com\/fr\/wp-json\/wp\/v2\/types\/page"}],"author":[{"embeddable":true,"href":"https:\/\/www.massebeuf-textiles.com\/fr\/wp-json\/wp\/v2\/users\/1"}],"replies":[{"embeddable":true,"href":"https:\/\/www.massebeuf-textiles.com\/fr\/wp-json\/wp\/v2\/comments?post=5"}],"version-history":[{"count":215,"href":"https:\/\/www.massebeuf-textiles.com\/fr\/wp-json\/wp\/v2\/pages\/5\/revisions"}],"predecessor-version":[{"id":1387,"href":"https:\/\/www.massebeuf-textiles.com\/fr\/wp-json\/wp\/v2\/pages\/5\/revisions\/1387"}],"wp:attachment":[{"href":"https:\/\/www.massebeuf-textiles.com\/fr\/wp-json\/wp\/v2\/media?parent=5"}],"curies":[{"name":"wp","href":"https:\/\/api.w.org\/{rel}","templated":true}]}}